{"id":2529,"date":"2024-09-25T21:03:03","date_gmt":"2024-09-25T21:03:03","guid":{"rendered":"https:\/\/www.judokaunasopen.lt\/?page_id=2529"},"modified":"2025-01-11T22:16:18","modified_gmt":"2025-01-11T22:16:18","slug":"2024-protokolas","status":"publish","type":"page","link":"https:\/\/www.judokaunasopen.lt\/en\/2024-protokolas\/","title":{"rendered":"2024 Protocol"},"content":{"rendered":"<div data-elementor-type=\"wp-page\" data-elementor-id=\"2529\" class=\"elementor elementor-2529\">\n\t\t\t\t<div class=\"elementor-element elementor-element-8586e80 e-flex e-con-boxed e-con e-parent\" data-id=\"8586e80\" data-element_type=\"container\" data-e-type=\"container\">\n\t\t\t\t\t<div class=\"e-con-inner\">\n\t\t<div class=\"elementor-element elementor-element-878c8c8 e-con-full e-flex e-con e-child\" data-id=\"878c8c8\" data-element_type=\"container\" data-e-type=\"container\">\n\t\t<div class=\"elementor-element elementor-element-008a918 e-con-full e-flex e-con e-child\" data-id=\"008a918\" data-element_type=\"container\" data-e-type=\"container\">\n\t\t\t\t<div class=\"elementor-element elementor-element-a2a4964 elementor-widget elementor-widget-button\" data-id=\"a2a4964\" data-element_type=\"widget\" data-e-type=\"widget\" data-widget_type=\"button.default\">\n\t\t\t\t<div class=\"elementor-widget-container\">\n\t\t\t\t\t\t\t\t\t<div class=\"elementor-button-wrapper\">\n\t\t\t\t\t<a class=\"elementor-button elementor-size-sm\" role=\"button\">\n\t\t\t\t\t\t<span class=\"elementor-button-content-wrapper\">\n\t\t\t\t\t\t<span class=\"elementor-button-icon\">\n\t\t\t\t<i aria-hidden=\"true\" class=\"fas fa-file-signature\"><\/i>\t\t\t<\/span>\n\t\t\t\t\t\t\t\t\t<span class=\"elementor-button-text\">Registration for the 2024 tournament<\/span>\n\t\t\t\t\t<\/span>\n\t\t\t\t\t<\/a>\n\t\t\t\t<\/div>\n\t\t\t\t\t\t\t\t<\/div>\n\t\t\t\t<\/div>\n\t\t\t\t<\/div>\n\t\t<div class=\"elementor-element elementor-element-14954f6 e-con-full e-flex e-con e-child\" data-id=\"14954f6\" data-element_type=\"container\" data-e-type=\"container\">\n\t\t\t\t<div class=\"elementor-element elementor-element-8fb6f47 elementor-widget elementor-widget-button\" data-id=\"8fb6f47\" data-element_type=\"widget\" data-e-type=\"widget\" data-widget_type=\"button.default\">\n\t\t\t\t<div class=\"elementor-widget-container\">\n\t\t\t\t\t\t\t\t\t<div class=\"elementor-button-wrapper\">\n\t\t\t\t\t<a class=\"elementor-button elementor-button-link elementor-size-sm\" href=\"https:\/\/sportists.info\/dzudo\/rezultati\/2024\/240921-kaunas-312\/\">\n\t\t\t\t\t\t<span class=\"elementor-button-content-wrapper\">\n\t\t\t\t\t\t<span class=\"elementor-button-icon\">\n\t\t\t\t<i aria-hidden=\"true\" class=\"fas fa-list\"><\/i>\t\t\t<\/span>\n\t\t\t\t\t\t\t\t\t<span class=\"elementor-button-text\">2024 tournament protocols<\/span>\n\t\t\t\t\t<\/span>\n\t\t\t\t\t<\/a>\n\t\t\t\t<\/div>\n\t\t\t\t\t\t\t\t<\/div>\n\t\t\t\t<\/div>\n\t\t\t\t<\/div>\n\t\t\t\t<\/div>\n\t\t\t\t\t<\/div>\n\t\t\t\t<\/div>\n\t\t\t\t<\/div>","protected":false},"excerpt":{"rendered":"<p>Registracija \u012f 2024 met\u0173 turnyr\u0105 2024 met\u0173 turnyro protokolai<\/p>","protected":false},"author":1,"featured_media":0,"parent":0,"menu_order":0,"comment_status":"closed","ping_status":"closed","template":"","meta":{"footnotes":""},"class_list":["post-2529","page","type-page","status-publish","hentry"],"blocksy_meta":[],"_links":{"self":[{"href":"https:\/\/www.judokaunasopen.lt\/en\/wp-json\/wp\/v2\/pages\/2529","targetHints":{"allow":["GET"]}}],"collection":[{"href":"https:\/\/www.judokaunasopen.lt\/en\/wp-json\/wp\/v2\/pages"}],"about":[{"href":"https:\/\/www.judokaunasopen.lt\/en\/wp-json\/wp\/v2\/types\/page"}],"author":[{"embeddable":true,"href":"https:\/\/www.judokaunasopen.lt\/en\/wp-json\/wp\/v2\/users\/1"}],"replies":[{"embeddable":true,"href":"https:\/\/www.judokaunasopen.lt\/en\/wp-json\/wp\/v2\/comments?post=2529"}],"version-history":[{"count":10,"href":"https:\/\/www.judokaunasopen.lt\/en\/wp-json\/wp\/v2\/pages\/2529\/revisions"}],"predecessor-version":[{"id":2569,"href":"https:\/\/www.judokaunasopen.lt\/en\/wp-json\/wp\/v2\/pages\/2529\/revisions\/2569"}],"wp:attachment":[{"href":"https:\/\/www.judokaunasopen.lt\/en\/wp-json\/wp\/v2\/media?parent=2529"}],"curies":[{"name":"wp","href":"https:\/\/api.w.org\/{rel}","templated":true}]}}