{"id":1658,"date":"2023-09-13T08:46:27","date_gmt":"2023-09-13T08:46:27","guid":{"rendered":"https:\/\/www.judokaunasopen.lt\/?page_id=1658"},"modified":"2025-01-11T22:17:04","modified_gmt":"2025-01-11T22:17:04","slug":"2023-protokolas-2","status":"publish","type":"page","link":"https:\/\/www.judokaunasopen.lt\/en\/2023-protokolas-2\/","title":{"rendered":"2023 Protocol"},"content":{"rendered":"<div data-elementor-type=\"wp-page\" data-elementor-id=\"1658\" class=\"elementor elementor-1658\">\n\t\t\t\t<div class=\"elementor-element elementor-element-2997b73 e-flex e-con-boxed e-con e-parent\" data-id=\"2997b73\" data-element_type=\"container\" data-e-type=\"container\">\n\t\t\t\t\t<div class=\"e-con-inner\">\n\t\t<div class=\"elementor-element elementor-element-efb0b85 e-con-full e-flex e-con e-child\" data-id=\"efb0b85\" data-element_type=\"container\" data-e-type=\"container\">\n\t\t\t\t<div class=\"elementor-element elementor-element-2800b9c elementor-widget elementor-widget-button\" data-id=\"2800b9c\" data-element_type=\"widget\" data-e-type=\"widget\" data-widget_type=\"button.default\">\n\t\t\t\t<div class=\"elementor-widget-container\">\n\t\t\t\t\t\t\t\t\t<div class=\"elementor-button-wrapper\">\n\t\t\t\t\t<a class=\"elementor-button elementor-button-link elementor-size-sm\" href=\"https:\/\/sportists.info\/judo\/reglist_clubs.php?event_group_id=265&#038;lang=\">\n\t\t\t\t\t\t<span class=\"elementor-button-content-wrapper\">\n\t\t\t\t\t\t<span class=\"elementor-button-icon\">\n\t\t\t\t<i aria-hidden=\"true\" class=\"fas fa-file-signature\"><\/i>\t\t\t<\/span>\n\t\t\t\t\t\t\t\t\t<span class=\"elementor-button-text\">Registration for the 2023 tournament<\/span>\n\t\t\t\t\t<\/span>\n\t\t\t\t\t<\/a>\n\t\t\t\t<\/div>\n\t\t\t\t\t\t\t\t<\/div>\n\t\t\t\t<\/div>\n\t\t\t\t<\/div>\n\t\t<div class=\"elementor-element elementor-element-5a63153 e-con-full e-flex e-con e-child\" data-id=\"5a63153\" data-element_type=\"container\" data-e-type=\"container\">\n\t\t\t\t<div class=\"elementor-element elementor-element-ef35cf1 elementor-widget elementor-widget-button\" data-id=\"ef35cf1\" data-element_type=\"widget\" data-e-type=\"widget\" data-widget_type=\"button.default\">\n\t\t\t\t<div class=\"elementor-widget-container\">\n\t\t\t\t\t\t\t\t\t<div class=\"elementor-button-wrapper\">\n\t\t\t\t\t<a class=\"elementor-button elementor-button-link elementor-size-sm\" href=\"https:\/\/sportists.info\/dzudo\/rezultati\/2023\/230923-kaunas-265\/\">\n\t\t\t\t\t\t<span class=\"elementor-button-content-wrapper\">\n\t\t\t\t\t\t<span class=\"elementor-button-icon\">\n\t\t\t\t<i aria-hidden=\"true\" class=\"fas fa-list\"><\/i>\t\t\t<\/span>\n\t\t\t\t\t\t\t\t\t<span class=\"elementor-button-text\">Protocols of the 2023 tournament<\/span>\n\t\t\t\t\t<\/span>\n\t\t\t\t\t<\/a>\n\t\t\t\t<\/div>\n\t\t\t\t\t\t\t\t<\/div>\n\t\t\t\t<\/div>\n\t\t\t\t<\/div>\n\t\t\t\t\t<\/div>\n\t\t\t\t<\/div>\n\t\t\t\t<\/div>","protected":false},"excerpt":{"rendered":"<p>Registracija \u012f 2023 met\u0173 turnyr\u0105 2023 met\u0173 turnyro protokolai<\/p>","protected":false},"author":1,"featured_media":0,"parent":0,"menu_order":0,"comment_status":"closed","ping_status":"closed","template":"","meta":{"footnotes":""},"class_list":["post-1658","page","type-page","status-publish","hentry"],"blocksy_meta":[],"_links":{"self":[{"href":"https:\/\/www.judokaunasopen.lt\/en\/wp-json\/wp\/v2\/pages\/1658","targetHints":{"allow":["GET"]}}],"collection":[{"href":"https:\/\/www.judokaunasopen.lt\/en\/wp-json\/wp\/v2\/pages"}],"about":[{"href":"https:\/\/www.judokaunasopen.lt\/en\/wp-json\/wp\/v2\/types\/page"}],"author":[{"embeddable":true,"href":"https:\/\/www.judokaunasopen.lt\/en\/wp-json\/wp\/v2\/users\/1"}],"replies":[{"embeddable":true,"href":"https:\/\/www.judokaunasopen.lt\/en\/wp-json\/wp\/v2\/comments?post=1658"}],"version-history":[{"count":17,"href":"https:\/\/www.judokaunasopen.lt\/en\/wp-json\/wp\/v2\/pages\/1658\/revisions"}],"predecessor-version":[{"id":2572,"href":"https:\/\/www.judokaunasopen.lt\/en\/wp-json\/wp\/v2\/pages\/1658\/revisions\/2572"}],"wp:attachment":[{"href":"https:\/\/www.judokaunasopen.lt\/en\/wp-json\/wp\/v2\/media?parent=1658"}],"curies":[{"name":"wp","href":"https:\/\/api.w.org\/{rel}","templated":true}]}}